{"id":694,"date":"2026-03-02T20:12:46","date_gmt":"2026-03-02T19:12:46","guid":{"rendered":"https:\/\/www.villarohome.com\/?page_id=694"},"modified":"2026-03-09T11:50:39","modified_gmt":"2026-03-09T10:50:39","slug":"impressum","status":"publish","type":"page","link":"https:\/\/www.villarohome.com\/en\/impressum\/","title":{"rendered":"Legal Notice"},"content":{"rendered":"<div data-elementor-type=\"wp-page\" data-elementor-id=\"694\" class=\"elementor elementor-694\" data-elementor-post-type=\"page\">\n\t\t\t\t<div class=\"elementor-element elementor-element-6d511cb e-flex e-con-boxed e-con e-parent\" data-id=\"6d511cb\" data-element_type=\"container\" data-e-type=\"container\">\n\t\t\t\t\t<div class=\"e-con-inner\">\n\t\t\t\t<div class=\"elementor-element elementor-element-1387fc9 elementor-widget elementor-widget-text-editor\" data-id=\"1387fc9\" data-element_type=\"widget\" data-e-type=\"widget\" data-widget_type=\"text-editor.default\">\n\t\t\t\t\t\t\t\t\t<p><strong>Villaro Real Estate GmbH<br \/><\/strong><strong>Goerzallee 255<br \/><\/strong><strong>14167 Berlin<\/strong><\/p><p>Tel: +49 162 156 3333<br \/>E-Mail: welcome@villarohome.com<br \/>www.villarohome.com<\/p><p>Gesch\u00e4ftsf\u00fchrung: Vanessa Kluwe, Veronika Maas<\/p><p>Amtsgericht Berlin \u2013 Charlottenburg<br \/>HRB 149775B<br \/>St-Nr: 29\/571\/32090<br \/>USt.-Id-Nr. DE291327453<\/p><p>Erlaubnis: \u00a7 34c der Gewerbeordnung \u2013 GewO \u2013 Aufsichtsbeh\u00f6rde Bezirksamt Berlin Charlottenburg-Wilmersdorf \u2013 Wirtschaftsamt<br \/>Hohenzollerndamm 177, 10713 Berlin<\/p><p>Hinweis zum Haftungsausschluss, Datenschutz und Copyright<\/p><h2>Haftung<\/h2><p>Die Inhalte unserer Seiten wurden mit gr\u00f6\u00dfter Sorgfalt erstellt. F\u00fcr die Richtigkeit, Vollst\u00e4ndigkeit und Aktualit\u00e4t der Inhalte \u00fcbernimmt der Betreiber keine \u2013 \u00fcber die sich aus \u00a7 7 Abs.1 Telemediengesetz (TMG) in Verbindung mit den allgemeinen Gesetzen ergebenden Pflichten \u2013 hinausgehende Gew\u00e4hr.<\/p><p>Nach \u00a7\u00a7 8 bis 10 TMG ist der Betreiber nicht verpflichtet, \u00fcbermittelte oder gespeicherte fremde Informationen zu \u00fcberwachen oder nach Umst\u00e4nden zu forschen, die auf eine rechtswidrige T\u00e4tigkeit hinweisen. Verpflichtungen zur Entfernung oder Sperrung der Nutzung von Informationen nach den allgemeinen Gesetzen bleiben hiervon unber\u00fchrt. Eine Haftung des Betreibers entsteht f\u00fcr gew\u00f6hnlich erst ab dem Zeitpunkt der Kenntnis einer konkreten Rechtsverletzung. Bei bekannt werden von berechtigten Beanstandungen wird der Betreiber die fraglichen Inhalte umgehend entfernen.<\/p><h2>Verlinkung<\/h2><p>Diese Internetseite enth\u00e4lt die Angabe von URLs zu Internetseiten Dritter (sog. Links). Da es sich um Internetseiten Dritter handelt, hat der Betreiber auf die dort gezeigten Inhalte keinen Einfluss und kann f\u00fcr diese fremden Inhalte auch keine Gew\u00e4hr \u00fcbernehmen. F\u00fcr diese Inhalte ist stets der jeweilige Anbieter oder Betreiber der Internetseite verantwortlich. Der verlinkte Inhalt wurde zum Zeitpunkt der Linksetzung auf eine offensichtliche Kollision mit geltenden deutschen Gesetzen \u00fcberpr\u00fcft. Zum Zeitpunkt der Verlinkung waren solche offensichtlichen Kollisionen nicht erkennbar. Eine permanente inhaltliche Kontrolle der verlinkten Inhalte ist ohne konkrete Anhaltspunkte einer Rechtsverletzung nicht zumutbar. Bei Bekanntwerden von Rechtsverletzungen wird der Betreiber den betroffenen Link umgehend entfernen.<\/p><h2>Urheber- und Kennzeichenrecht<\/h2><p>\u00a9 Copyright Villaro Real Estate GmbH, Berlin \u2013 Deutschland. Alle Rechte vorbehalten. Die durch den Betreiber auf dieser Internetseite bereitgestellten Inhalte unterliegen dem deutschen Urheberrecht. Die Vervielf\u00e4ltigung, Bearbeitung, Verbreitung und jede Art der Verwertung au\u00dferhalb der Grenzen des Urheberrechtes bed\u00fcrfen der schriftlichen Zustimmung des jeweiligen Autors bzw. Erstellers. Dies gilt insbesondere f\u00fcr Texte, Bilder, Grafiken, Ton-, Video- oder Animationsdateien einschlie\u00dflich deren Anordnung auf den Web-Seiten. Eine Vervielf\u00e4ltigung oder Verwendung solcher Seiten (oder Teilen davon) in anderen elektronischen oder gedruckten Publikationen und deren Ver\u00f6ffentlichung (auch im Internet) ist nur nach vorheriger Genehmigung gestattet; die Genehmigung kann der Vorstand erteilen (Impressum). Alle innerhalb des Internetangebotes genannten und ggf. durch Dritte gesch\u00fctzten Marken- und Warenzeichen unterliegen uneingeschr\u00e4nkt den Bestimmungen des jeweils g\u00fcltigen Kennzeichenrechts und den Besitzrechten der jeweiligen eingetragenen Eigent\u00fcmer.<\/p>\t\t\t\t\t\t\t\t<\/div>\n\t\t\t\t\t<\/div>\n\t\t\t\t<\/div>\n\t\t\t\t<\/div>","protected":false},"excerpt":{"rendered":"<p>Villaro Real Estate GmbHGoerzallee 25514167 Berlin Tel: +49 162 156 3333E-Mail: welcome@villarohome.comwww.villarohome.com Gesch\u00e4ftsf\u00fchrung: Vanessa Kluwe, Veronika Maas Amtsgericht Berlin \u2013 CharlottenburgHRB 149775BSt-Nr: 29\/571\/32090USt.-Id-Nr. DE291327453 Erlaubnis: \u00a7 34c der Gewerbeordnung \u2013 GewO \u2013 Aufsichtsbeh\u00f6rde Bezirksamt Berlin Charlottenburg-Wilmersdorf \u2013 WirtschaftsamtHohenzollerndamm 177, 10713 Berlin Hinweis zum Haftungsausschluss, Datenschutz und Copyright Haftung Die Inhalte unserer Seiten wurden mit gr\u00f6\u00dfter [&hellip;]<\/p>\n","protected":false},"author":1,"featured_media":0,"parent":0,"menu_order":0,"comment_status":"closed","ping_status":"closed","template":"","meta":{"_acf_changed":false,"footnotes":""},"class_list":["post-694","page","type-page","status-publish","hentry"],"acf":[],"_links":{"self":[{"href":"https:\/\/www.villarohome.com\/en\/wp-json\/wp\/v2\/pages\/694","targetHints":{"allow":["GET"]}}],"collection":[{"href":"https:\/\/www.villarohome.com\/en\/wp-json\/wp\/v2\/pages"}],"about":[{"href":"https:\/\/www.villarohome.com\/en\/wp-json\/wp\/v2\/types\/page"}],"author":[{"embeddable":true,"href":"https:\/\/www.villarohome.com\/en\/wp-json\/wp\/v2\/users\/1"}],"replies":[{"embeddable":true,"href":"https:\/\/www.villarohome.com\/en\/wp-json\/wp\/v2\/comments?post=694"}],"version-history":[{"count":7,"href":"https:\/\/www.villarohome.com\/en\/wp-json\/wp\/v2\/pages\/694\/revisions"}],"predecessor-version":[{"id":973,"href":"https:\/\/www.villarohome.com\/en\/wp-json\/wp\/v2\/pages\/694\/revisions\/973"}],"wp:attachment":[{"href":"https:\/\/www.villarohome.com\/en\/wp-json\/wp\/v2\/media?parent=694"}],"curies":[{"name":"wp","href":"https:\/\/api.w.org\/{rel}","templated":true}]}}